{"id":4990,"date":"2022-07-22T19:30:28","date_gmt":"2022-07-22T18:30:28","guid":{"rendered":"https:\/\/blackstar-mersch.lu\/?page_id=4990"},"modified":"2026-03-09T11:08:46","modified_gmt":"2026-03-09T10:08:46","slug":"inscriptions-au-club","status":"publish","type":"page","link":"https:\/\/blackstar-mersch.lu\/?page_id=4990","title":{"rendered":"Inscriptions au club"},"content":{"rendered":"\n<p class=\"has-black-color has-text-color has-medium-font-size\"><em><strong>Dir w\u00ebllt selwer Basketball spillen, vlaicht no enger l\u00e4ngerer Paus,  oder \u00e4re Jong oder \u00e4rt Meedchen aschreiwen. <\/strong><\/em><\/p>\n\n\n\n<p class=\"has-black-color has-text-color has-medium-font-size\">Dir hutt Loscht Iech an engem Mierscher Traditiounsverain mat ze engag\u00e9ieren, als B\u00e9n\u00e9vole, als neien Arbitter, bei aneren Aufgaben. Beim Black Star g\u00ebtt eng Aufgab fir jidfereen dee w\u00ebll eng Hand upaken, genau sou w\u00e9i et jidferengem am beschte passt. An eng gutt Ambiance gratis dobai !<\/p>\n\n\n\n<p class=\"has-black-color has-text-color has-medium-font-size\"><\/p>\n\n\n\n<p class=\"has-black-color has-text-color has-medium-font-size\"><strong>V<em>ous vous int\u00e9ressez au Basketball? Votre enfant veut rejoindre le Black Star Mersch ? Vous voulez reprendre vous-m\u00eame la pratique apr\u00e8s une interruption ? Vous avez envie de vous engager b\u00e9n\u00e9volement dans un club de Basket ?<\/em><\/strong><em> Nous trouverons une t\u00e2che qui vous convient, exactement comme elle vous convient. Faites vivre ce club bient\u00f4t centenaire avec nous.<\/em><\/p>\n\n\n\n<p><\/p>\n\n\n\n<p class=\"has-text-align-center has-black-color has-text-color has-medium-font-size\"> <a href=\"mailto:secretaire@blackstar-mersch.lu\" data-type=\"mailto\" data-id=\"mailto:secretaire@blackstar-mersch.lu\">mailto:secretaireblackstar-mersch-lu<\/a> <\/p>\n\n\n\n<p class=\"has-black-color has-text-color has-medium-font-size\"> <\/p>\n\n\n\n<p><\/p>\n\n\n\n<p class=\"has-medium-font-size\">Download the Flbb player licence application form (fill it in electronically, print and sign), then send it together with a copy of your id or passport to secretaire@blackstar-mersch.lu : <\/p>\n\n\n\n<div class=\"wp-block-file\"><a href=\"https:\/\/blackstar-mersch.lu\/wp-content\/uploads\/2022\/09\/Formulaire_demande_de_licence_2022.pdf\">Formulaire_demande_de_licence_2022<\/a><a href=\"https:\/\/blackstar-mersch.lu\/wp-content\/uploads\/2022\/09\/Formulaire_demande_de_licence_2022.pdf\" class=\"wp-block-file__button\" download>Download<\/a><\/div>\n\n\n\n<p><\/p>\n","protected":false},"excerpt":{"rendered":"<p>Dir w\u00ebllt selwer Basketball spillen, vlaicht no enger l\u00e4ngerer Paus, oder \u00e4re Jong oder \u00e4rt Meedchen aschreiwen. Dir hutt Loscht Iech an engem Mierscher Traditiounsverain mat ze engag\u00e9ieren, als B\u00e9n\u00e9vole, als neien Arbitter, bei aneren Aufgaben. Beim Black Star g\u00ebtt eng Aufgab fir jidfereen dee w\u00ebll eng Hand upaken, genau sou w\u00e9i et jidferengem am beschte passt. An eng gutt Ambiance gratis dobai ! Vous vous int\u00e9ressez au Basketball? Votre enfant veut rejoindre le Black Star Mersch ? Vous voulez reprendre vous-m\u00eame la pratique apr\u00e8s une interruption ? Vous avez envie de vous engager b\u00e9n\u00e9volement dans un club de Basket<a href=\"https:\/\/blackstar-mersch.lu\/?page_id=4990\">&nbsp;&nbsp;[ Read More ]<\/a><\/p>\n","protected":false},"author":2,"featured_media":0,"parent":0,"menu_order":0,"comment_status":"closed","ping_status":"closed","template":"","meta":{"ngg_post_thumbnail":0},"_links":{"self":[{"href":"https:\/\/blackstar-mersch.lu\/index.php?rest_route=\/wp\/v2\/pages\/4990"}],"collection":[{"href":"https:\/\/blackstar-mersch.lu\/index.php?rest_route=\/wp\/v2\/pages"}],"about":[{"href":"https:\/\/blackstar-mersch.lu\/index.php?rest_route=\/wp\/v2\/types\/page"}],"author":[{"embeddable":true,"href":"https:\/\/blackstar-mersch.lu\/index.php?rest_route=\/wp\/v2\/users\/2"}],"replies":[{"embeddable":true,"href":"https:\/\/blackstar-mersch.lu\/index.php?rest_route=%2Fwp%2Fv2%2Fcomments&post=4990"}],"version-history":[{"count":18,"href":"https:\/\/blackstar-mersch.lu\/index.php?rest_route=\/wp\/v2\/pages\/4990\/revisions"}],"predecessor-version":[{"id":5497,"href":"https:\/\/blackstar-mersch.lu\/index.php?rest_route=\/wp\/v2\/pages\/4990\/revisions\/5497"}],"wp:attachment":[{"href":"https:\/\/blackstar-mersch.lu\/index.php?rest_route=%2Fwp%2Fv2%2Fmedia&parent=4990"}],"curies":[{"name":"wp","href":"https:\/\/api.w.org\/{rel}","templated":true}]}}