{"id":4801,"date":"2022-01-05T19:24:24","date_gmt":"2022-01-05T18:24:24","guid":{"rendered":"https:\/\/blackstar-mersch.lu\/?page_id=4801"},"modified":"2022-01-05T19:24:24","modified_gmt":"2022-01-05T18:24:24","slug":"no-ref-no-game-gespreich-mam-til-decker-arbitter","status":"publish","type":"page","link":"https:\/\/blackstar-mersch.lu\/?page_id=4801","title":{"rendered":"No Ref, No Game &#8211; Gespr\u00e9ich mam Til Decker, Arbitter"},"content":{"rendered":"\n<p class=\"has-black-color has-text-color has-medium-font-size\">Et ass gewosst, ouni Arbitter leeft et och net am Basket. Mee firwat g\u00ebtt een Arbitter, wat macht Spaass un der Aufgab, d\u00e9i jo och net \u00ebmmer fir ze lachen ass. Mir hunn eis mam Til Decker \u00ebnnerhaal, Basketssarbitter beim Black Star.<\/p>\n\n\n\n<p><\/p>\n\n\n\n<p class=\"has-black-color has-text-color has-medium-font-size\"><strong><u>Til ier mer lasslee\u00ebn, stell dech kuerz fir:<\/u><\/strong><\/p>\n\n\n\n<p class=\"has-black-color has-text-color has-medium-font-size\">M\u00e4in Numm ass Til Decker, sinn&nbsp;22 Joer aal, stud\u00e9ieren&nbsp;op der Uni Heidelberg Geschicht an Geographie an s\u00e4it&nbsp;2018 sinn&nbsp;ech Basketsarbitter.<\/p>\n\n\n\n<p><\/p>\n\n\n\n<p class=\"has-black-color has-text-color has-medium-font-size\"><strong><u>W\u00e9i ass et dozou komm dass de Arbitter&nbsp;gi bass? Wat war deng Karri\u00e4r&nbsp;am Basket&nbsp;iers de Arbitter&nbsp;gi bass&nbsp;? Wat huet dech dozou bruecht?<\/u><\/strong><\/p>\n\n\n\n<p class=\"has-black-color has-text-color has-medium-font-size\">Et war ee&nbsp;Basketmatch&nbsp;am Februar 2018 wou ech&nbsp;wie&nbsp;sou oft an d\u00e4r Saison&nbsp;Owes op der Auer beim Black Star gehollef hunn. An der Halbzeit hat&nbsp;ech dunn&nbsp;engem vun den Arbitteren, dem Patrick Glod, eng Fro&nbsp;gestalt. Hien huet mech doropshi&nbsp;gefrot&nbsp;op den Arbitrage naischt fir mech wier an ech sot&nbsp;firwat net, prob\u00e9iere&nbsp;kann een et jo mol. An nom formelle&nbsp;Pabeierkrom hat&nbsp;ech dunn&nbsp;2 Wochen&nbsp;drop m\u00e4in \u00e9ischte&nbsp;Match&nbsp;ze p\u00e4ifen.<\/p>\n\n\n\n<div class=\"wp-block-image\"><figure class=\"alignleft size-medium\"><a href=\"https:\/\/blackstar-mersch.lu\/wp-content\/uploads\/2022\/01\/TD1.jpg\"><img loading=\"lazy\" width=\"300\" height=\"300\" src=\"https:\/\/blackstar-mersch.lu\/wp-content\/uploads\/2022\/01\/TD1-300x300.jpg\" alt=\"\" class=\"wp-image-4804\" srcset=\"https:\/\/blackstar-mersch.lu\/wp-content\/uploads\/2022\/01\/TD1-300x300.jpg 300w, https:\/\/blackstar-mersch.lu\/wp-content\/uploads\/2022\/01\/TD1-150x150.jpg 150w, https:\/\/blackstar-mersch.lu\/wp-content\/uploads\/2022\/01\/TD1-768x768.jpg 768w, https:\/\/blackstar-mersch.lu\/wp-content\/uploads\/2022\/01\/TD1.jpg 960w\" sizes=\"(max-width: 300px) 100vw, 300px\" \/><\/a><\/figure><\/div>\n\n\n\n<p class=\"has-black-color has-text-color has-medium-font-size\">Virun der Arbitterskarri\u00e4r&nbsp;hunn&nbsp;ech selwer beim Black Star Basket&nbsp;gespillt, well d&#8217;Motivatioun&nbsp;dofir awer ofgeholl hat&nbsp;an ech dem Sport&nbsp;wollt trei bleiwen hunn&nbsp;ech de&nbsp;Schr\u00ebtt&nbsp;an den Arbitrage gemaach.<\/p>\n\n\n\n<p><\/p>\n\n\n\n<p class=\"has-black-color has-text-color has-medium-font-size\"><strong><u>Wat fir eng Alterskategorien&nbsp;an Divisiounen arbitr\u00e9iers&nbsp;de? Wou m\u00e9cht&nbsp;et am meeschte Spaass?<\/u><\/strong><\/p>\n\n\n\n<p class=\"has-black-color has-text-color has-medium-font-size\">Ech arbitr\u00e9iere&nbsp;vun&nbsp;Minis bis Dammen Total League an&nbsp;Nationale&nbsp;2 H\u00e4ren. Am meeschte&nbsp;Spaass&nbsp;ass schw\u00e9ier&nbsp;ze soen. Ech schaffen zum Beispill g\u00e4r&nbsp;u mir selwer an dat geet m\u00e9i&nbsp;einfach a&nbsp;Jugend oder Senior&nbsp;reserves Matcher. Mee ech sammelen&nbsp;och g\u00e4r&nbsp;nei Erfahrungen och wann se net \u00ebmmer&nbsp;sou einfach sinn&nbsp;an dat m\u00ebscht&nbsp;een an der Dammen Total League an H\u00e4ren&nbsp;Nationale&nbsp;2. Et m\u00ebscht&nbsp;am grousse&nbsp;ganzen einfach Spaass&nbsp;um Terrain ze stoen an ze arbitr\u00e9ieren&nbsp;an dem Sport domat trei ze bleiwen an een deel dovun ze sinn, och well&nbsp;ee souvill bekannten awer och nei Gesiichter Weekend&nbsp;fir Weekend ges\u00e4it&nbsp;an ee&nbsp;mat deenen interag\u00e9iere&nbsp;kann. An Ziel ass ganz kloer eng K\u00e9ier&nbsp;H\u00e4ren Total League ze paife.&nbsp;Mee do gin ech nom&nbsp;Prinzip n\u00e4ischt iwwerstierze&nbsp;mee&nbsp;step by step.<\/p>\n\n\n\n<p><\/p>\n\n\n\n<p class=\"has-black-color has-text-color has-medium-font-size\"><strong><u>Arbitr\u00e9iere kann zimmlech stresseg sinn, t\u00ebschent de Spiller, de Coachen&nbsp;am Publikum d\u00e9i al eng aner&nbsp;Meenung hunn. W\u00e9i gees de mat dem Stress en? Wou<\/u><span style=\"text-decoration: underline;\"><u>&nbsp;<\/u>si<u>&nbsp;r<\/u><\/span><u>out Linnen&nbsp;d\u00e9i een net dierf iwwerschreide bei dir?<\/u><\/strong><\/p>\n\n\n\n<div class=\"wp-block-image\"><figure class=\"alignright size-medium\"><a href=\"https:\/\/blackstar-mersch.lu\/wp-content\/uploads\/2022\/01\/TD2.jpg\"><img loading=\"lazy\" width=\"300\" height=\"300\" src=\"https:\/\/blackstar-mersch.lu\/wp-content\/uploads\/2022\/01\/TD2-300x300.jpg\" alt=\"\" class=\"wp-image-4805\" srcset=\"https:\/\/blackstar-mersch.lu\/wp-content\/uploads\/2022\/01\/TD2-300x300.jpg 300w, https:\/\/blackstar-mersch.lu\/wp-content\/uploads\/2022\/01\/TD2-150x150.jpg 150w, https:\/\/blackstar-mersch.lu\/wp-content\/uploads\/2022\/01\/TD2.jpg 566w\" sizes=\"(max-width: 300px) 100vw, 300px\" \/><\/a><\/figure><\/div>\n\n\n\n<p class=\"has-black-color has-text-color has-medium-font-size\">D\u00e9i stresseg Momenter&nbsp;kann ee&nbsp;leider net \u00ebmmer evit\u00e9iere.&nbsp;Mee d\u00e9i geh\u00e9ieren&nbsp;och zum Sport genau w\u00e9i&nbsp;d&#8217;Emotiounen&nbsp;och. Fir domat \u00ebmzegoe&nbsp;muss een an \u00e9ischter Linn&nbsp;einfach mol roueg bleiwen och wann dat net \u00ebmmer&nbsp;einfach ass zemools&nbsp;wann ee&nbsp;vlaicht nach net sou vill Erfahrung huet. Wat ech geleiert hunn&nbsp;ass, dass ee&nbsp;mat kontroll\u00e9ierter a&nbsp;roueger Kommunikatioun&nbsp;z.B mat Coach a&nbsp;Spiller ganz w\u00e4it kennt, och fir ee&nbsp;Match&nbsp;ze berouegen. Op Zuschauer&nbsp;soll an duerf een einfach net lauschtere&nbsp;well wann do 150 Leit eng aner Meenung hunn&nbsp;dann h\u00e4lt&nbsp;een net m\u00e9i&nbsp;op. Oft h\u00eblleft&nbsp;awer eng kommunikativ Aart a&nbsp;Weis um Terrain&nbsp;och d&#8217;Gemidder&nbsp;op der Trib\u00fcn&nbsp;ze berouegen. Rout Linnen d\u00e9i&nbsp;een net duerf iwwerschreide&nbsp;sinn ofh\u00e4ngeg dovu&nbsp;w\u00e9i&nbsp;de&nbsp;Match&nbsp;verleeft&nbsp;an&nbsp;kann een net verallgemengeren. Natierlech&nbsp;Fluchwierder an onrespektvoll Gesten d\u00e9i&nbsp;kloer g\u00e9int Arbitter, Spiller&nbsp;oder Trainer ginn&nbsp;um Terrain, sinn net ze toler\u00e9ieren.<\/p>\n\n\n\n<p><\/p>\n\n\n\n<p class=\"has-black-color has-text-color has-medium-font-size\"><strong><u>Wat war bis elo d\u00e4in Highlight&nbsp;als Ref ?<\/u><\/strong><\/p>\n\n\n\n<p class=\"has-black-color has-text-color has-medium-font-size\">Meng Highlighte&nbsp;bis elo waren Fillettes Coupe Finale an der Saison 2018\/2019 an der Coque. Dat war eng mega Erfarung. Dann d&#8217;lescht Saison d\u00e9i \u00e9ischt&nbsp;Championnats Halleffinall t\u00ebscht&nbsp;Diddeleng an Steesel an der Dammen Total League an des Saison natierlech&nbsp;och m\u00e4in \u00e9ischten&nbsp;Nationale 2 H\u00e4re Match.<\/p>\n\n\n\n<p><\/p>\n\n\n\n<p class=\"has-black-color has-text-color has-medium-font-size\"><strong><u>Et sinn net genuch Arbitteren&nbsp;do. Wat g\u00e9ifs de jonke Leit soen d\u00e9i sech froen ob dat eng gutt Iddi&nbsp;wier. Firwat soll&nbsp;ee&nbsp;sech als Arbitter&nbsp;engag\u00e9ieren?<\/u><\/strong><\/p>\n\n\n\n<div class=\"wp-block-image\"><figure class=\"alignleft size-medium\"><a href=\"https:\/\/blackstar-mersch.lu\/wp-content\/uploads\/2022\/01\/TD4.jpg\"><img loading=\"lazy\" width=\"200\" height=\"300\" src=\"https:\/\/blackstar-mersch.lu\/wp-content\/uploads\/2022\/01\/TD4-200x300.jpg\" alt=\"\" class=\"wp-image-4806\" srcset=\"https:\/\/blackstar-mersch.lu\/wp-content\/uploads\/2022\/01\/TD4-200x300.jpg 200w, https:\/\/blackstar-mersch.lu\/wp-content\/uploads\/2022\/01\/TD4.jpg 683w\" sizes=\"(max-width: 200px) 100vw, 200px\" \/><\/a><\/figure><\/div>\n\n\n\n<p class=\"has-black-color has-text-color has-medium-font-size\">Et ass flott als jonken z.B als Spiller&nbsp;eng aner Perspektiv&nbsp;vum Basket ze gesinn&nbsp;an ze gesinn&nbsp;dass mir och keen einfache&nbsp;Job hunn, et ass en plus eng nei Erfahrung di ee&nbsp;kritt an&nbsp;een&nbsp;virun allem am Charakter a&nbsp;mental st\u00e4erkt. Des weidere&nbsp;g\u00ebtt&nbsp;et een T\u00e4schegeld wat&nbsp;en mat sengem Lieblingssport verbanne&nbsp;kann. An de&nbsp;Slogan No Ref No Game steet bei d\u00e4r Fro&nbsp;och ganz grouss am Virdergrond. An s\u00e4it&nbsp;2-3 Joer g\u00ebtt&nbsp;et de&nbsp;Projet10 wou een seng \u00e9ischt&nbsp;10 Matcher&nbsp;een erfuerenen Arbitter&nbsp;un d&#8217;S\u00e4it&nbsp;gestallt kritt a&nbsp;soumat en gudden Encadrement&nbsp;fir de&nbsp;Start an d&#8217;Arbitterskarri\u00e4r huet wou een och vill Leit kennel\u00e9iert&nbsp;di&nbsp;engem och am sp\u00e9idere&nbsp;Liewe&nbsp;kenne weider h\u00ebllefen.<\/p>\n\n\n\n<p class=\"has-black-color has-text-color has-medium-font-size\">Wann jonker interess\u00e9iert sinn Arbitter&nbsp;ze gi&nbsp;kennen se sech iwwer&nbsp;<a rel=\"noreferrer noopener\" href=\"http:\/\/www.adabl.org\" data-type=\"URL\" data-id=\"www.adabl.org\" target=\"_blank\">www.ADABL.org<\/a>, der Association vun de l\u00ebtzebuergeschen Baskettarbitteren,&nbsp;inform\u00e9ieren.<\/p>\n\n\n\n<p><\/p>\n\n\n\n<p><\/p>\n\n\n\n<p class=\"has-black-color has-text-color has-medium-font-size\"><strong>Merci fir d\u00ebsen Abl\u00e9ck an een Aspekt vum Basket den ee sos net vill ze pake kritt<\/strong> !<\/p>\n","protected":false},"excerpt":{"rendered":"<p>Et ass gewosst, ouni Arbitter leeft et och net am Basket. Mee firwat g\u00ebtt een Arbitter, wat macht Spaass un der Aufgab, d\u00e9i jo och net \u00ebmmer fir ze lachen ass. Mir hunn eis mam Til Decker \u00ebnnerhaal, Basketssarbitter beim Black Star. Til ier mer lasslee\u00ebn, stell dech kuerz fir: M\u00e4in Numm ass Til Decker, sinn&nbsp;22 Joer aal, stud\u00e9ieren&nbsp;op der Uni Heidelberg Geschicht an Geographie an s\u00e4it&nbsp;2018 sinn&nbsp;ech Basketsarbitter. W\u00e9i ass et dozou komm dass de Arbitter&nbsp;gi bass? Wat war deng Karri\u00e4r&nbsp;am Basket&nbsp;iers de Arbitter&nbsp;gi bass&nbsp;? Wat huet dech dozou bruecht? Et war ee&nbsp;Basketmatch&nbsp;am Februar 2018 wou ech&nbsp;wie&nbsp;sou oft an<a href=\"https:\/\/blackstar-mersch.lu\/?page_id=4801\">&nbsp;&nbsp;[ Read More ]<\/a><\/p>\n","protected":false},"author":2,"featured_media":0,"parent":0,"menu_order":0,"comment_status":"closed","ping_status":"closed","template":"","meta":{"ngg_post_thumbnail":0},"_links":{"self":[{"href":"https:\/\/blackstar-mersch.lu\/index.php?rest_route=\/wp\/v2\/pages\/4801"}],"collection":[{"href":"https:\/\/blackstar-mersch.lu\/index.php?rest_route=\/wp\/v2\/pages"}],"about":[{"href":"https:\/\/blackstar-mersch.lu\/index.php?rest_route=\/wp\/v2\/types\/page"}],"author":[{"embeddable":true,"href":"https:\/\/blackstar-mersch.lu\/index.php?rest_route=\/wp\/v2\/users\/2"}],"replies":[{"embeddable":true,"href":"https:\/\/blackstar-mersch.lu\/index.php?rest_route=%2Fwp%2Fv2%2Fcomments&post=4801"}],"version-history":[{"count":21,"href":"https:\/\/blackstar-mersch.lu\/index.php?rest_route=\/wp\/v2\/pages\/4801\/revisions"}],"predecessor-version":[{"id":4826,"href":"https:\/\/blackstar-mersch.lu\/index.php?rest_route=\/wp\/v2\/pages\/4801\/revisions\/4826"}],"wp:attachment":[{"href":"https:\/\/blackstar-mersch.lu\/index.php?rest_route=%2Fwp%2Fv2%2Fmedia&parent=4801"}],"curies":[{"name":"wp","href":"https:\/\/api.w.org\/{rel}","templated":true}]}}